{"id":63343,"date":"2025-11-18T20:41:10","date_gmt":"2025-11-18T20:41:10","guid":{"rendered":"https:\/\/finance4humans.com\/?page_id=63343"},"modified":"2025-11-19T14:56:15","modified_gmt":"2025-11-19T14:56:15","slug":"politica-de-cookies","status":"publish","type":"page","link":"https:\/\/finance4humans.com\/en\/politica-de-cookies\/","title":{"rendered":"Pol\u00edtica de cookies"},"content":{"rendered":"\t\t<div data-elementor-type=\"wp-page\" data-elementor-id=\"63343\" class=\"elementor elementor-63343\">\n\t\t\t\t\t\t<section class=\"elementor-section elementor-top-section elementor-element elementor-element-b82e205 elementor-section-height-min-height elementor-section-boxed elementor-section-height-default elementor-section-items-middle sc_fly_static\" data-id=\"b82e205\" data-element_type=\"section\" data-e-type=\"section\" data-settings=\"{&quot;background_background&quot;:&quot;classic&quot;}\">\n\t\t\t\t\t\t\t<div class=\"elementor-background-overlay\"><\/div>\n\t\t\t\t\t\t\t<div class=\"elementor-container elementor-column-gap-extended\">\n\t\t\t\t\t<div class=\"elementor-column elementor-col-100 elementor-top-column elementor-element elementor-element-18a5a94 sc_content_align_inherit sc_layouts_column_icons_position_left sc_fly_static\" data-id=\"18a5a94\" data-element_type=\"column\" data-e-type=\"column\">\n\t\t\t<div class=\"elementor-widget-wrap elementor-element-populated\">\n\t\t\t\t\t\t<div class=\"elementor-element elementor-element-bc6aedd sc_fly_static elementor-widget elementor-widget-heading\" data-id=\"bc6aedd\" data-element_type=\"widget\" data-e-type=\"widget\" data-widget_type=\"heading.default\">\n\t\t\t\t<div class=\"elementor-widget-container\">\n\t\t\t\t\t<h2 class=\"elementor-heading-title elementor-size-default\">Pol\u00edtica de cookies<\/h2>\t\t\t\t<\/div>\n\t\t\t\t<\/div>\n\t\t\t\t<div class=\"elementor-element elementor-element-eca0d5f elementor-view-default elementor-position-block-start elementor-mobile-position-block-start sc_fly_static elementor-widget elementor-widget-icon-box\" data-id=\"eca0d5f\" data-element_type=\"widget\" data-e-type=\"widget\" data-widget_type=\"icon-box.default\">\n\t\t\t\t<div class=\"elementor-widget-container\">\n\t\t\t\t\t\t\t<div class=\"elementor-icon-box-wrapper\">\n\n\t\t\t\t\t\t<div class=\"elementor-icon-box-icon\">\n\t\t\t\t<span  class=\"elementor-icon\">\n\t\t\t\t<svg xmlns=\"http:\/\/www.w3.org\/2000\/svg\" width=\"22\" height=\"14\" viewBox=\"0 0 22 14\"><path d=\"M11.8571 13.62L21.6486 3.00991C21.8737 2.76496 22 2.43345 22 2.08789C22 1.74233 21.8737 1.41082 21.6486 1.16587L20.9282 0.390626C20.7023 0.146262 20.3962 0.00900148 20.0769 0.00900145C19.7577 0.00900142 19.4515 0.146262 19.2256 0.390626L11.0023 9.29718L2.77438 0.380589C2.54822 0.136837 2.24215 -1.72729e-06 1.92309 -1.75518e-06C1.60404 -1.78307e-06 1.29796 0.136837 1.0718 0.380589L0.351396 1.16085C0.126343 1.4058 1.75547e-06 1.73731 1.72526e-06 2.08287C1.69505e-06 2.42843 0.126343 2.75994 0.351396 3.00489L10.1499 13.62C10.3771 13.8635 10.6838 14 11.0035 14C11.3231 14 11.6298 13.8635 11.8571 13.62Z\"><\/path><\/svg>\t\t\t\t<\/span>\n\t\t\t<\/div>\n\t\t\t\n\t\t\t\t\t\t<div class=\"elementor-icon-box-content\">\n\n\t\t\t\t\t\t\t\t\t<div class=\"elementor-icon-box-title\">\n\t\t\t\t\t\t<span  >\n\t\t\t\t\t\t\t \t\t\t\t\t\t<\/span>\n\t\t\t\t\t<\/div>\n\t\t\t\t\n\t\t\t\t\n\t\t\t<\/div>\n\t\t\t\n\t\t<\/div>\n\t\t\t\t\t\t<\/div>\n\t\t\t\t<\/div>\n\t\t\t\t\t<\/div>\n\t\t<\/div>\n\t\t\t\t\t<\/div>\n\t\t<\/section>\n\t\t\t\t<section class=\"elementor-section elementor-top-section elementor-element elementor-element-d794fe8 elementor-section-boxed elementor-section-height-default elementor-section-height-default sc_fly_static\" data-id=\"d794fe8\" data-element_type=\"section\" data-e-type=\"section\">\n\t\t\t\t\t\t<div class=\"elementor-container elementor-column-gap-extended\">\n\t\t\t\t\t<div class=\"elementor-column elementor-col-100 elementor-top-column elementor-element elementor-element-7ddfef0 sc_content_align_inherit sc_layouts_column_icons_position_left sc_fly_static\" data-id=\"7ddfef0\" data-element_type=\"column\" data-e-type=\"column\">\n\t\t\t<div class=\"elementor-widget-wrap elementor-element-populated\">\n\t\t\t\t\t\t<div class=\"elementor-element elementor-element-87c9bc5 sc_height_huge sc_fly_static elementor-widget elementor-widget-spacer\" data-id=\"87c9bc5\" data-element_type=\"widget\" data-e-type=\"widget\" data-widget_type=\"spacer.default\">\n\t\t\t\t<div class=\"elementor-widget-container\">\n\t\t\t\t\t\t\t<div class=\"elementor-spacer\">\n\t\t\t<div class=\"elementor-spacer-inner\"><\/div>\n\t\t<\/div>\n\t\t\t\t\t\t<\/div>\n\t\t\t\t<\/div>\n\t\t\t\t<div class=\"elementor-element elementor-element-3dfa188c pag_post sc_fly_static elementor-widget elementor-widget-text-editor\" data-id=\"3dfa188c\" data-element_type=\"widget\" data-e-type=\"widget\" data-widget_type=\"text-editor.default\">\n\t\t\t\t<div class=\"elementor-widget-container\">\n\t\t\t\t\t\t\t\t\t<p data-start=\"435\" data-end=\"668\">En esta Pol\u00edtica de Cookies te explicamos qu\u00e9 son, c\u00f3mo las utiliza esta web y c\u00f3mo puedes gestionarlas.<br data-start=\"539\" data-end=\"542\" \/>Al navegar por <strong data-start=\"557\" data-end=\"582\">[URL de tu sitio web]<\/strong>, aceptas el uso de cookies conforme a las condiciones establecidas en este documento.<\/p><h2 data-start=\"675\" data-end=\"701\">1. \u00bfQU\u00c9 SON LAS COOKIES?<\/h2><p data-start=\"703\" data-end=\"856\">Las cookies son peque\u00f1os archivos que se almacenan en tu navegador cuando visitas una p\u00e1gina web. Sirven para recordar informaci\u00f3n sobre tu visita, como:<\/p><ul data-start=\"858\" data-end=\"989\"><li data-start=\"858\" data-end=\"888\"><p data-start=\"860\" data-end=\"888\">Preferencias de navegaci\u00f3n<\/p><\/li><li data-start=\"889\" data-end=\"908\"><p data-start=\"891\" data-end=\"908\">Sesi\u00f3n iniciada<\/p><\/li><li data-start=\"909\" data-end=\"938\"><p data-start=\"911\" data-end=\"938\">Contenido que te interesa<\/p><\/li><li data-start=\"939\" data-end=\"989\"><p data-start=\"941\" data-end=\"989\">An\u00e1lisis de comportamiento para mejorar la web<\/p><\/li><\/ul><p data-start=\"991\" data-end=\"1095\">Las cookies NO da\u00f1an tu dispositivo y NO nos permiten identificarte personalmente sin tu consentimiento.<\/p><h2 data-start=\"1102\" data-end=\"1146\">2. \u00bfQU\u00c9 TIPOS DE COOKIES UTILIZA ESTA WEB?<\/h2><p data-start=\"1148\" data-end=\"1216\">En <strong data-start=\"1151\" data-end=\"1176\">[URL de tu sitio web]<\/strong> utilizamos diferentes tipos de cookies:<\/p><h3 data-start=\"1223\" data-end=\"1266\"><strong data-start=\"1226\" data-end=\"1266\">a) Seg\u00fan la entidad que las gestione<\/strong><\/h3><h3 data-start=\"1268\" data-end=\"1293\"><strong data-start=\"1272\" data-end=\"1291\">Cookies propias<\/strong><\/h3><p data-start=\"1294\" data-end=\"1353\">Son enviadas y gestionadas directamente por Finance4Humans.<\/p><h3 data-start=\"1355\" data-end=\"1384\"><strong data-start=\"1359\" data-end=\"1382\">Cookies de terceros<\/strong><\/h3><p data-start=\"1385\" data-end=\"1499\">Son enviadas al usuario por servicios externos (Google, Meta, YouTube, etc.) con fines anal\u00edticos o publicitarios.<\/p><h3 data-start=\"1506\" data-end=\"1533\"><strong data-start=\"1509\" data-end=\"1533\">b) Seg\u00fan su duraci\u00f3n<\/strong><\/h3><h3 data-start=\"1535\" data-end=\"1562\"><strong data-start=\"1539\" data-end=\"1560\">Cookies de sesi\u00f3n<\/strong><\/h3><p data-start=\"1563\" data-end=\"1603\">Se eliminan cuando cierras el navegador.<\/p><h3 data-start=\"1605\" data-end=\"1635\"><strong data-start=\"1609\" data-end=\"1633\">Cookies persistentes<\/strong><\/h3><p data-start=\"1636\" data-end=\"1695\">Permanecen en tu dispositivo durante un tiempo determinado.<\/p><h3 data-start=\"1702\" data-end=\"1730\"><strong data-start=\"1705\" data-end=\"1730\">c) Seg\u00fan su finalidad<\/strong><\/h3><h3 data-start=\"1732\" data-end=\"1776\"><strong data-start=\"1736\" data-end=\"1774\">1. Cookies t\u00e9cnicas (obligatorias)<\/strong><\/h3><p data-start=\"1777\" data-end=\"1860\">Permiten que la web funcione correctamente.<br data-start=\"1820\" data-end=\"1823\" \/>Sin ellas, la p\u00e1gina no puede operar.<\/p><p data-start=\"1862\" data-end=\"1875\"><strong data-start=\"1862\" data-end=\"1875\">Ejemplos:<\/strong><\/p><ul data-start=\"1876\" data-end=\"1977\"><li data-start=\"1876\" data-end=\"1897\"><p data-start=\"1878\" data-end=\"1897\">Control de sesi\u00f3n<\/p><\/li><li data-start=\"1898\" data-end=\"1924\"><p data-start=\"1900\" data-end=\"1924\">Gesti\u00f3n de formularios<\/p><\/li><li data-start=\"1925\" data-end=\"1938\"><p data-start=\"1927\" data-end=\"1938\">Seguridad<\/p><\/li><li data-start=\"1939\" data-end=\"1977\"><p data-start=\"1941\" data-end=\"1977\">Carga y visualizaci\u00f3n de contenido<\/p><\/li><\/ul><p data-start=\"1979\" data-end=\"2025\"><strong data-start=\"1979\" data-end=\"2025\">Estas cookies no requieren consentimiento.<\/strong><\/p><h3 data-start=\"2032\" data-end=\"2086\"><strong data-start=\"2036\" data-end=\"2084\">2. Cookies de preferencias o personalizaci\u00f3n<\/strong><\/h3><p data-start=\"2087\" data-end=\"2154\">Permiten recordar preferencias como idioma, configuraci\u00f3n o dise\u00f1o.<\/p><h3 data-start=\"2161\" data-end=\"2192\"><strong data-start=\"2165\" data-end=\"2190\">3. Cookies anal\u00edticas<\/strong><\/h3><p data-start=\"2193\" data-end=\"2212\">Nos permiten saber:<\/p><ul data-start=\"2214\" data-end=\"2323\"><li data-start=\"2214\" data-end=\"2242\"><p data-start=\"2216\" data-end=\"2242\">Qu\u00e9 secciones se visitan<\/p><\/li><li data-start=\"2243\" data-end=\"2267\"><p data-start=\"2245\" data-end=\"2267\">Tiempo de navegaci\u00f3n<\/p><\/li><li data-start=\"2268\" data-end=\"2297\"><p data-start=\"2270\" data-end=\"2297\">Interacciones del usuario<\/p><\/li><li data-start=\"2298\" data-end=\"2323\"><p data-start=\"2300\" data-end=\"2323\">Rendimiento de la web<\/p><\/li><\/ul><p data-start=\"2325\" data-end=\"2389\">Usamos esta informaci\u00f3n para mejorar la experiencia del usuario.<\/p><p data-start=\"2391\" data-end=\"2469\">Pueden ser propias o de terceros (por ejemplo, Google Analytics o Meta Pixel).<\/p><h3 data-start=\"2476\" data-end=\"2525\"><strong data-start=\"2480\" data-end=\"2523\">4. Cookies publicitarias \/ de marketing<\/strong><\/h3><p data-start=\"2526\" data-end=\"2596\">Se usan para mostrar anuncios personalizados basados en tu navegaci\u00f3n.<\/p><p data-start=\"2598\" data-end=\"2710\">Si usamos este tipo de cookies, se har\u00e1 <strong data-start=\"2638\" data-end=\"2678\">solo con tu consentimiento expl\u00edcito<\/strong> a trav\u00e9s del banner de cookies.<\/p><h2 data-start=\"2717\" data-end=\"2752\">3. COOKIES UTILIZADAS EN ESTA WEB<\/h2><p data-start=\"2754\" data-end=\"2999\"><strong data-start=\"2754\" data-end=\"2769\">IMPORTANTE:<\/strong><br data-start=\"2769\" data-end=\"2772\" \/>Como a\u00fan no hemos definido qu\u00e9 herramientas espec\u00edficas usar\u00e1 tu sitio (Analytics, Pixel, YouTube embed, etc.), te dejo una tabla base \u2014la m\u00e1s com\u00fan\u2014 y puedo ajustarla totalmente cuando me digas qu\u00e9 integraciones tendr\u00e1 tu web.<\/p><div class=\"_tableContainer_1rjym_1\"><div class=\"group _tableWrapper_1rjym_13 flex w-fit flex-col-reverse\" tabindex=\"-1\"><table class=\"w-fit min-w-(--thread-content-width) aligncenter\" data-start=\"3001\" data-end=\"3603\"><thead data-start=\"3001\" data-end=\"3051\"><tr data-start=\"3001\" data-end=\"3051\"><th data-start=\"3001\" data-end=\"3010\" data-col-size=\"sm\">Cookie<\/th><th data-start=\"3010\" data-end=\"3017\" data-col-size=\"sm\">Tipo<\/th><th data-start=\"3017\" data-end=\"3028\" data-col-size=\"sm\">Duraci\u00f3n<\/th><th data-start=\"3028\" data-end=\"3038\" data-col-size=\"sm\">Titular<\/th><th data-start=\"3038\" data-end=\"3051\" data-col-size=\"md\">Finalidad<\/th><\/tr><\/thead><tbody data-start=\"3102\" data-end=\"3603\"><tr data-start=\"3102\" data-end=\"3187\"><td data-start=\"3102\" data-end=\"3119\" data-col-size=\"sm\">cookie_consent<\/td><td data-start=\"3119\" data-end=\"3129\" data-col-size=\"sm\">T\u00e9cnica<\/td><td data-start=\"3129\" data-end=\"3137\" data-col-size=\"sm\">1 a\u00f1o<\/td><td data-start=\"3137\" data-end=\"3146\" data-col-size=\"sm\">Propia<\/td><td data-start=\"3146\" data-end=\"3187\" data-col-size=\"md\">Guarda opciones del banner de cookies<\/td><\/tr><tr data-start=\"3188\" data-end=\"3272\"><td data-start=\"3188\" data-end=\"3210\" data-col-size=\"sm\">PHPSESSID o similar<\/td><td data-start=\"3210\" data-end=\"3220\" data-col-size=\"sm\">T\u00e9cnica<\/td><td data-start=\"3220\" data-end=\"3229\" data-col-size=\"sm\">Sesi\u00f3n<\/td><td data-start=\"3229\" data-end=\"3238\" data-col-size=\"sm\">Propia<\/td><td data-start=\"3238\" data-end=\"3272\" data-col-size=\"md\">Mantener la sesi\u00f3n del usuario<\/td><\/tr><tr data-start=\"3273\" data-end=\"3365\"><td data-start=\"3273\" data-end=\"3279\" data-col-size=\"sm\">_ga<\/td><td data-start=\"3279\" data-end=\"3291\" data-col-size=\"sm\">Anal\u00edtica<\/td><td data-start=\"3291\" data-end=\"3300\" data-col-size=\"sm\">2 a\u00f1os<\/td><td data-start=\"3300\" data-end=\"3309\" data-col-size=\"sm\">Google<\/td><td data-start=\"3309\" data-end=\"3365\" data-col-size=\"md\">Analizar visitas y comportamiento (Google Analytics)<\/td><\/tr><tr data-start=\"3366\" data-end=\"3436\"><td data-start=\"3366\" data-end=\"3373\" data-col-size=\"sm\">_gid<\/td><td data-start=\"3373\" data-end=\"3385\" data-col-size=\"sm\">Anal\u00edtica<\/td><td data-start=\"3385\" data-end=\"3396\" data-col-size=\"sm\">24 horas<\/td><td data-start=\"3396\" data-end=\"3405\" data-col-size=\"sm\">Google<\/td><td data-start=\"3405\" data-end=\"3436\" data-col-size=\"md\">Identificar usuarios \u00fanicos<\/td><\/tr><tr data-start=\"3437\" data-end=\"3522\"><td data-start=\"3437\" data-end=\"3444\" data-col-size=\"sm\">_fbp<\/td><td data-start=\"3444\" data-end=\"3456\" data-col-size=\"sm\">Marketing<\/td><td data-start=\"3456\" data-end=\"3466\" data-col-size=\"sm\">3 meses<\/td><td data-start=\"3466\" data-end=\"3473\" data-col-size=\"sm\">Meta<\/td><td data-start=\"3473\" data-end=\"3522\" data-col-size=\"md\">Personalizar publicidad en Facebook\/Instagram<\/td><\/tr><tr data-start=\"3523\" data-end=\"3603\"><td data-start=\"3523\" data-end=\"3537\" data-col-size=\"sm\">yt-remote-*<\/td><td data-start=\"3537\" data-end=\"3549\" data-col-size=\"sm\">Marketing<\/td><td data-start=\"3549\" data-end=\"3560\" data-col-size=\"sm\">Variable<\/td><td data-start=\"3560\" data-end=\"3570\" data-col-size=\"sm\">YouTube<\/td><td data-start=\"3570\" data-end=\"3603\" data-col-size=\"md\">Cookies para v\u00eddeos embebidos<\/td><\/tr><\/tbody><\/table><\/div><\/div><p data-start=\"3605\" data-end=\"3685\"><em data-start=\"3605\" data-end=\"3685\">Si no usas alguna de estas herramientas, la elimino. Si usas otras, las a\u00f1ado.<\/em><\/p><h2 data-start=\"3692\" data-end=\"3745\">4. \u00bfC\u00d3MO PUEDES GESTIONAR O DESACTIVAR LAS COOKIES?<\/h2><p data-start=\"3747\" data-end=\"3866\">Puedes permitir, bloquear o eliminar las cookies desde tu navegador.<br data-start=\"3815\" data-end=\"3818\" \/>Aqu\u00ed tienes enlaces directos para configurarlas:<\/p><ul data-start=\"3868\" data-end=\"4236\"><li data-start=\"3868\" data-end=\"3930\"><p data-start=\"3870\" data-end=\"3930\"><strong data-start=\"3870\" data-end=\"3881\">Chrome:<\/strong> <a class=\"decorated-link cursor-pointer\" target=\"_new\" rel=\"noopener\" data-start=\"3882\" data-end=\"3928\">https:\/\/support.google.com\/chrome\/answer\/95647<\/a><\/p><\/li><li data-start=\"3931\" data-end=\"4014\"><p data-start=\"3933\" data-end=\"4014\"><strong data-start=\"3933\" data-end=\"3945\">Firefox:<\/strong> <a class=\"decorated-link cursor-pointer\" target=\"_new\" rel=\"noopener\" data-start=\"3946\" data-end=\"4012\">https:\/\/support.mozilla.org\/es\/kb\/habilitar-y-deshabilitar-cookies<\/a><\/p><\/li><li data-start=\"4015\" data-end=\"4089\"><p data-start=\"4017\" data-end=\"4089\"><strong data-start=\"4017\" data-end=\"4028\">Safari:<\/strong> <a class=\"decorated-link\" href=\"https:\/\/support.apple.com\/es-es\/guide\/safari\/sfri11471\/mac\" target=\"_new\" rel=\"noopener\" data-start=\"4029\" data-end=\"4087\">https:\/\/support.apple.com\/es-es\/guide\/safari\/sfri11471\/mac<\/a><\/p><\/li><li data-start=\"4090\" data-end=\"4173\"><p data-start=\"4092\" data-end=\"4173\"><strong data-start=\"4092\" data-end=\"4101\">Edge:<\/strong> <a class=\"decorated-link cursor-pointer\" target=\"_new\" rel=\"noopener\" data-start=\"4102\" data-end=\"4171\">https:\/\/support.microsoft.com\/es-es\/microsoft-edge\/gesti\u00f3n-de-cookies<\/a><\/p><\/li><li data-start=\"4174\" data-end=\"4236\"><p data-start=\"4176\" data-end=\"4236\"><strong data-start=\"4176\" data-end=\"4186\">Opera:<\/strong> <a class=\"decorated-link\" href=\"https:\/\/help.opera.com\/en\/latest\/web-preferences\/\" target=\"_new\" rel=\"noopener\" data-start=\"4187\" data-end=\"4236\">https:\/\/help.opera.com\/en\/latest\/web-preferences\/<\/a><\/p><\/li><\/ul><p data-start=\"4238\" data-end=\"4332\">Ten en cuenta que desactivar cookies t\u00e9cnicas puede impedir que la web funcione correctamente.<\/p><h2 data-start=\"4339\" data-end=\"4378\">5. GESTI\u00d3N DESDE EL BANNER DE COOKIES<\/h2><p data-start=\"4380\" data-end=\"4442\">Al entrar en la web, ver\u00e1s un aviso (banner) que te permitir\u00e1:<\/p><ul data-start=\"4444\" data-end=\"4566\"><li data-start=\"4444\" data-end=\"4477\"><p data-start=\"4446\" data-end=\"4477\"><strong data-start=\"4446\" data-end=\"4475\">Aceptar todas las cookies<\/strong><\/p><\/li><li data-start=\"4478\" data-end=\"4518\"><p data-start=\"4480\" data-end=\"4518\"><strong data-start=\"4480\" data-end=\"4516\">Rechazar todas las no esenciales<\/strong><\/p><\/li><li data-start=\"4519\" data-end=\"4566\"><p data-start=\"4521\" data-end=\"4566\"><strong data-start=\"4521\" data-end=\"4543\">Configurar cookies<\/strong> seg\u00fan tus preferencias<\/p><\/li><\/ul><p data-start=\"4568\" data-end=\"4705\">El usuario puede modificar su consentimiento en cualquier momento desde el enlace \u201cConfiguraci\u00f3n de Cookies\u201d visible en el pie de p\u00e1gina.<\/p><h2 data-start=\"4712\" data-end=\"4747\">6. TRANSFERENCIAS INTERNACIONALES<\/h2><p data-start=\"4749\" data-end=\"4887\">Si utilizamos proveedores ubicados fuera del Espacio Econ\u00f3mico Europeo (por ejemplo, Google LLC en EE. UU.), garantizamos que cumplen con:<\/p><ul data-start=\"4889\" data-end=\"4995\"><li data-start=\"4889\" data-end=\"4955\"><p data-start=\"4891\" data-end=\"4955\">Cl\u00e1usulas Contractuales Tipo aprobadas por la Comisi\u00f3n Europea<\/p><\/li><li data-start=\"4956\" data-end=\"4995\"><p data-start=\"4958\" data-end=\"4995\">Normativas de privacidad aplicables<\/p><\/li><\/ul><p data-start=\"4997\" data-end=\"5065\">Toda transferencia internacional se realiza con garant\u00edas adecuadas.<\/p><h2 data-start=\"5072\" data-end=\"5104\">7. RESPONSABLE DEL TRATAMIENTO<\/h2><p data-start=\"5106\" data-end=\"5179\">El responsable del tratamiento de los datos generados por las cookies es:<\/p><p data-start=\"5181\" data-end=\"5313\">\ud83d\udccd Finance4Humans<br data-start=\"5198\" data-end=\"5201\" \/>C. Andr\u00e9s P\u00e9rez, 18, Distrito Centro, 29008 M\u00e1laga<br data-start=\"5259\" data-end=\"5262\" \/>\ud83d\udcde +34 635 95 36 33<br data-start=\"5281\" data-end=\"5284\" \/>\ud83d\udce7 <strong data-start=\"5287\" data-end=\"5311\">[Correo electr\u00f3nico]<\/strong><\/p><p data-start=\"5315\" data-end=\"5415\">Consulta nuestra <strong data-start=\"5332\" data-end=\"5358\">Pol\u00edtica de Privacidad<\/strong> para saber m\u00e1s sobre c\u00f3mo tratamos tus datos personales.<\/p><h2 data-start=\"5422\" data-end=\"5462\">8. CAMBIOS EN ESTA POL\u00cdTICA DE COOKIES<\/h2><p data-start=\"5464\" data-end=\"5516\">Podremos actualizar esta Pol\u00edtica de Cookies cuando:<\/p><ul data-start=\"5518\" data-end=\"5615\"><li data-start=\"5518\" data-end=\"5543\"><p data-start=\"5520\" data-end=\"5543\">Cambiemos proveedores<\/p><\/li><li data-start=\"5544\" data-end=\"5579\"><p data-start=\"5546\" data-end=\"5579\">A\u00f1adamos nuevas funcionalidades<\/p><\/li><li data-start=\"5580\" data-end=\"5615\"><p data-start=\"5582\" data-end=\"5615\">Lo exija la legislaci\u00f3n vigente<\/p><\/li><\/ul><p data-start=\"5617\" data-end=\"5713\">La versi\u00f3n vigente ser\u00e1 siempre accesible en:<br data-start=\"5662\" data-end=\"5665\" \/>\ud83d\udc49 <strong data-start=\"5668\" data-end=\"5713\">[URL de tu sitio web]\/politica-de-cookies<\/strong><\/p><h2 data-start=\"5720\" data-end=\"5733\">9. CONTACTO<\/h2><p data-start=\"5735\" data-end=\"5834\">Si tienes dudas sobre esta Pol\u00edtica de Cookies, puedes escribirnos a:<br data-start=\"5804\" data-end=\"5807\" \/>\ud83d\udce7 <strong data-start=\"5810\" data-end=\"5834\">[Correo electr\u00f3nico]<\/strong><\/p>\t\t\t\t\t\t\t\t<\/div>\n\t\t\t\t<\/div>\n\t\t\t\t<div class=\"elementor-element elementor-element-ced6f8f sc_height_huge sc_fly_static elementor-widget elementor-widget-spacer\" data-id=\"ced6f8f\" data-element_type=\"widget\" data-e-type=\"widget\" data-widget_type=\"spacer.default\">\n\t\t\t\t<div class=\"elementor-widget-container\">\n\t\t\t\t\t\t\t<div class=\"elementor-spacer\">\n\t\t\t<div class=\"elementor-spacer-inner\"><\/div>\n\t\t<\/div>\n\t\t\t\t\t\t<\/div>\n\t\t\t\t<\/div>\n\t\t\t\t<div class=\"elementor-element elementor-element-5f877d8 sc_layouts_hide_on_mobile sc_fly_static elementor-widget elementor-widget-spacer\" data-id=\"5f877d8\" data-element_type=\"widget\" data-e-type=\"widget\" data-widget_type=\"spacer.default\">\n\t\t\t\t<div class=\"elementor-widget-container\">\n\t\t\t\t\t\t\t<div class=\"elementor-spacer\">\n\t\t\t<div class=\"elementor-spacer-inner\"><\/div>\n\t\t<\/div>\n\t\t\t\t\t\t<\/div>\n\t\t\t\t<\/div>\n\t\t\t\t\t<\/div>\n\t\t<\/div>\n\t\t\t\t\t<\/div>\n\t\t<\/section>\n\t\t\t\t<\/div>\n\t\t","protected":false},"excerpt":{"rendered":"<p>Pol\u00edtica de cookies En esta Pol\u00edtica de Cookies te explicamos qu\u00e9 son, c\u00f3mo las utiliza esta web y c\u00f3mo puedes gestionarlas.Al navegar por [URL de tu sitio web], aceptas el&hellip;<\/p>\n","protected":false},"author":1,"featured_media":0,"parent":0,"menu_order":0,"comment_status":"closed","ping_status":"closed","template":"","meta":{"footnotes":""},"class_list":["post-63343","page","type-page","status-publish","hentry"],"_hostinger_reach_plugin_has_subscription_block":false,"_hostinger_reach_plugin_is_elementor":false,"_links":{"self":[{"href":"https:\/\/finance4humans.com\/en\/wp-json\/wp\/v2\/pages\/63343","targetHints":{"allow":["GET"]}}],"collection":[{"href":"https:\/\/finance4humans.com\/en\/wp-json\/wp\/v2\/pages"}],"about":[{"href":"https:\/\/finance4humans.com\/en\/wp-json\/wp\/v2\/types\/page"}],"author":[{"embeddable":true,"href":"https:\/\/finance4humans.com\/en\/wp-json\/wp\/v2\/users\/1"}],"replies":[{"embeddable":true,"href":"https:\/\/finance4humans.com\/en\/wp-json\/wp\/v2\/comments?post=63343"}],"version-history":[{"count":10,"href":"https:\/\/finance4humans.com\/en\/wp-json\/wp\/v2\/pages\/63343\/revisions"}],"predecessor-version":[{"id":63381,"href":"https:\/\/finance4humans.com\/en\/wp-json\/wp\/v2\/pages\/63343\/revisions\/63381"}],"wp:attachment":[{"href":"https:\/\/finance4humans.com\/en\/wp-json\/wp\/v2\/media?parent=63343"}],"curies":[{"name":"wp","href":"https:\/\/api.w.org\/{rel}","templated":true}]}}