{"id":63322,"date":"2025-11-18T20:28:47","date_gmt":"2025-11-18T20:28:47","guid":{"rendered":"https:\/\/finance4humans.com\/?page_id=63322"},"modified":"2025-11-19T14:55:40","modified_gmt":"2025-11-19T14:55:40","slug":"politica-de-privacidad","status":"publish","type":"page","link":"https:\/\/finance4humans.com\/en\/politica-de-privacidad\/","title":{"rendered":"Pol\u00edtica de privacidad"},"content":{"rendered":"\t\t<div data-elementor-type=\"wp-page\" data-elementor-id=\"63322\" class=\"elementor elementor-63322\">\n\t\t\t\t\t\t<section class=\"elementor-section elementor-top-section elementor-element elementor-element-b82e205 elementor-section-height-min-height elementor-section-boxed elementor-section-height-default elementor-section-items-middle sc_fly_static\" data-id=\"b82e205\" data-element_type=\"section\" data-e-type=\"section\" data-settings=\"{&quot;background_background&quot;:&quot;classic&quot;}\">\n\t\t\t\t\t\t\t<div class=\"elementor-background-overlay\"><\/div>\n\t\t\t\t\t\t\t<div class=\"elementor-container elementor-column-gap-extended\">\n\t\t\t\t\t<div class=\"elementor-column elementor-col-100 elementor-top-column elementor-element elementor-element-18a5a94 sc_content_align_inherit sc_layouts_column_icons_position_left sc_fly_static\" data-id=\"18a5a94\" data-element_type=\"column\" data-e-type=\"column\">\n\t\t\t<div class=\"elementor-widget-wrap elementor-element-populated\">\n\t\t\t\t\t\t<div class=\"elementor-element elementor-element-bc6aedd sc_fly_static elementor-widget elementor-widget-heading\" data-id=\"bc6aedd\" data-element_type=\"widget\" data-e-type=\"widget\" data-widget_type=\"heading.default\">\n\t\t\t\t<div class=\"elementor-widget-container\">\n\t\t\t\t\t<h2 class=\"elementor-heading-title elementor-size-default\">Pol\u00edtica de privacidad<\/h2>\t\t\t\t<\/div>\n\t\t\t\t<\/div>\n\t\t\t\t<div class=\"elementor-element elementor-element-eca0d5f elementor-view-default elementor-position-block-start elementor-mobile-position-block-start sc_fly_static elementor-widget elementor-widget-icon-box\" data-id=\"eca0d5f\" data-element_type=\"widget\" data-e-type=\"widget\" data-widget_type=\"icon-box.default\">\n\t\t\t\t<div class=\"elementor-widget-container\">\n\t\t\t\t\t\t\t<div class=\"elementor-icon-box-wrapper\">\n\n\t\t\t\t\t\t<div class=\"elementor-icon-box-icon\">\n\t\t\t\t<span  class=\"elementor-icon\">\n\t\t\t\t<svg xmlns=\"http:\/\/www.w3.org\/2000\/svg\" width=\"22\" height=\"14\" viewBox=\"0 0 22 14\"><path d=\"M11.8571 13.62L21.6486 3.00991C21.8737 2.76496 22 2.43345 22 2.08789C22 1.74233 21.8737 1.41082 21.6486 1.16587L20.9282 0.390626C20.7023 0.146262 20.3962 0.00900148 20.0769 0.00900145C19.7577 0.00900142 19.4515 0.146262 19.2256 0.390626L11.0023 9.29718L2.77438 0.380589C2.54822 0.136837 2.24215 -1.72729e-06 1.92309 -1.75518e-06C1.60404 -1.78307e-06 1.29796 0.136837 1.0718 0.380589L0.351396 1.16085C0.126343 1.4058 1.75547e-06 1.73731 1.72526e-06 2.08287C1.69505e-06 2.42843 0.126343 2.75994 0.351396 3.00489L10.1499 13.62C10.3771 13.8635 10.6838 14 11.0035 14C11.3231 14 11.6298 13.8635 11.8571 13.62Z\"><\/path><\/svg>\t\t\t\t<\/span>\n\t\t\t<\/div>\n\t\t\t\n\t\t\t\t\t\t<div class=\"elementor-icon-box-content\">\n\n\t\t\t\t\t\t\t\t\t<div class=\"elementor-icon-box-title\">\n\t\t\t\t\t\t<span  >\n\t\t\t\t\t\t\t \t\t\t\t\t\t<\/span>\n\t\t\t\t\t<\/div>\n\t\t\t\t\n\t\t\t\t\n\t\t\t<\/div>\n\t\t\t\n\t\t<\/div>\n\t\t\t\t\t\t<\/div>\n\t\t\t\t<\/div>\n\t\t\t\t\t<\/div>\n\t\t<\/div>\n\t\t\t\t\t<\/div>\n\t\t<\/section>\n\t\t\t\t<section class=\"elementor-section elementor-top-section elementor-element elementor-element-d794fe8 elementor-section-boxed elementor-section-height-default elementor-section-height-default sc_fly_static\" data-id=\"d794fe8\" data-element_type=\"section\" data-e-type=\"section\">\n\t\t\t\t\t\t<div class=\"elementor-container elementor-column-gap-extended\">\n\t\t\t\t\t<div class=\"elementor-column elementor-col-100 elementor-top-column elementor-element elementor-element-7ddfef0 sc_content_align_inherit sc_layouts_column_icons_position_left sc_fly_static\" data-id=\"7ddfef0\" data-element_type=\"column\" data-e-type=\"column\">\n\t\t\t<div class=\"elementor-widget-wrap elementor-element-populated\">\n\t\t\t\t\t\t<div class=\"elementor-element elementor-element-87c9bc5 sc_height_huge sc_fly_static elementor-widget elementor-widget-spacer\" data-id=\"87c9bc5\" data-element_type=\"widget\" data-e-type=\"widget\" data-widget_type=\"spacer.default\">\n\t\t\t\t<div class=\"elementor-widget-container\">\n\t\t\t\t\t\t\t<div class=\"elementor-spacer\">\n\t\t\t<div class=\"elementor-spacer-inner\"><\/div>\n\t\t<\/div>\n\t\t\t\t\t\t<\/div>\n\t\t\t\t<\/div>\n\t\t\t\t<div class=\"elementor-element elementor-element-3dfa188c pag_post sc_fly_static elementor-widget elementor-widget-text-editor\" data-id=\"3dfa188c\" data-element_type=\"widget\" data-e-type=\"widget\" data-widget_type=\"text-editor.default\">\n\t\t\t\t<div class=\"elementor-widget-container\">\n\t\t\t\t\t\t\t\t\t<h2 data-start=\"477\" data-end=\"530\">1. <strong data-start=\"483\" data-end=\"528\">IDENTIDAD DEL RESPONSABLE DEL TRATAMIENTO<\/strong><\/h2><p data-start=\"531\" data-end=\"726\">En cumplimiento del Reglamento (UE) 2016\/679 (RGPD) y la Ley Org\u00e1nica 3\/2018 (LOPDGDD), se informa al usuario de que los datos personales recogidos a trav\u00e9s de esta p\u00e1gina web ser\u00e1n tratados por:<\/p><p data-start=\"728\" data-end=\"974\"><strong data-start=\"728\" data-end=\"744\">Responsable:<\/strong> Finance4Humans<br data-start=\"759\" data-end=\"762\" \/><strong data-start=\"762\" data-end=\"775\">Tel\u00e9fono:<\/strong> +34 635 95 36 33<br data-start=\"792\" data-end=\"795\" \/><strong data-start=\"795\" data-end=\"809\">Direcci\u00f3n:<\/strong> C. Andr\u00e9s P\u00e9rez, 18, Distrito Centro, 29008 M\u00e1laga<br data-start=\"868\" data-end=\"871\" \/><strong data-start=\"871\" data-end=\"906\">Correo electr\u00f3nico de contacto:<\/strong> <strong data-start=\"907\" data-end=\"931\">[Correo electr\u00f3nico]<\/strong><br data-start=\"931\" data-end=\"934\" \/><strong data-start=\"934\" data-end=\"948\">Sitio web:<\/strong> <strong data-start=\"949\" data-end=\"974\">[URL de tu sitio web]<\/strong><\/p><h2 data-start=\"981\" data-end=\"1025\">2. <strong data-start=\"987\" data-end=\"1023\">DATOS PERSONALES QUE RECOPILAMOS<\/strong><\/h2><p data-start=\"1026\" data-end=\"1120\">Dependiendo del uso que hagas de la web, podemos recopilar las siguientes categor\u00edas de datos:<\/p><h3 data-start=\"1122\" data-end=\"1178\"><strong data-start=\"1126\" data-end=\"1176\">Datos facilitados directamente por el usuario:<\/strong><\/h3><ul data-start=\"1179\" data-end=\"1454\"><li data-start=\"1179\" data-end=\"1201\"><p data-start=\"1181\" data-end=\"1201\">Nombre y apellidos<\/p><\/li><li data-start=\"1202\" data-end=\"1237\"><p data-start=\"1204\" data-end=\"1237\">Direcci\u00f3n de correo electr\u00f3nico<\/p><\/li><li data-start=\"1238\" data-end=\"1260\"><p data-start=\"1240\" data-end=\"1260\">N\u00famero de tel\u00e9fono<\/p><\/li><li data-start=\"1261\" data-end=\"1281\"><p data-start=\"1263\" data-end=\"1281\">Direcci\u00f3n postal<\/p><\/li><li data-start=\"1282\" data-end=\"1306\"><p data-start=\"1284\" data-end=\"1306\">Datos de facturaci\u00f3n<\/p><\/li><li data-start=\"1307\" data-end=\"1386\"><p data-start=\"1309\" data-end=\"1386\">Informaci\u00f3n profesional relacionada con tu actividad como creador o empresa<\/p><\/li><li data-start=\"1387\" data-end=\"1454\"><p data-start=\"1389\" data-end=\"1454\">Mensajes o consultas enviadas a trav\u00e9s de formularios de contacto<\/p><\/li><\/ul><h3 data-start=\"1456\" data-end=\"1498\"><strong data-start=\"1460\" data-end=\"1496\">Datos recogidos autom\u00e1ticamente:<\/strong><\/h3><ul data-start=\"1499\" data-end=\"1645\"><li data-start=\"1499\" data-end=\"1515\"><p data-start=\"1501\" data-end=\"1515\">Direcci\u00f3n IP<\/p><\/li><li data-start=\"1516\" data-end=\"1572\"><p data-start=\"1518\" data-end=\"1572\">Datos de navegaci\u00f3n y comportamiento en el sitio web<\/p><\/li><li data-start=\"1573\" data-end=\"1645\"><p data-start=\"1575\" data-end=\"1645\">Cookies y tecnolog\u00edas similares (consulta nuestra Pol\u00edtica de Cookies)<\/p><\/li><\/ul><h3 data-start=\"1647\" data-end=\"1716\"><strong data-start=\"1651\" data-end=\"1714\">Datos procedentes de terceros (solo si das consentimiento):<\/strong><\/h3><ul data-start=\"1717\" data-end=\"1901\"><li data-start=\"1717\" data-end=\"1740\"><p data-start=\"1719\" data-end=\"1740\">Plataformas de pago<\/p><\/li><li data-start=\"1741\" data-end=\"1791\"><p data-start=\"1743\" data-end=\"1791\">Redes sociales o herramientas de autenticaci\u00f3n<\/p><\/li><li data-start=\"1792\" data-end=\"1901\"><p data-start=\"1794\" data-end=\"1901\">Proveedores externos vinculados a tu actividad digital (por ejemplo, plataformas donde monetizas contenido)<\/p><\/li><\/ul><h2 data-start=\"1908\" data-end=\"1945\">3. <strong data-start=\"1914\" data-end=\"1945\">FINALIDADES DEL TRATAMIENTO<\/strong><\/h2><p data-start=\"1947\" data-end=\"2022\">Tus datos personales podr\u00e1n ser utilizados para las siguientes finalidades:<\/p><h3 data-start=\"2024\" data-end=\"2070\"><strong data-start=\"2028\" data-end=\"2068\">a) Gesti\u00f3n de solicitudes y contacto<\/strong><\/h3><p data-start=\"2071\" data-end=\"2170\">Responder a consultas, solicitudes o informaci\u00f3n enviada mediante formularios o correo electr\u00f3nico.<\/p><h3 data-start=\"2172\" data-end=\"2222\"><strong data-start=\"2176\" data-end=\"2220\">b) Prestaci\u00f3n de servicios profesionales<\/strong><\/h3><p data-start=\"2223\" data-end=\"2359\">Gestionar la relaci\u00f3n contractual que nos vincula si decides contratar nuestros servicios (contables, fiscales, legales o estrat\u00e9gicos).<\/p><h3 data-start=\"2361\" data-end=\"2407\"><strong data-start=\"2365\" data-end=\"2405\">c) Gesti\u00f3n administrativa y contable<\/strong><\/h3><p data-start=\"2408\" data-end=\"2531\">Emitir facturas, presupuestos, contratos, realizar comunicaciones comerciales relacionadas con un servicio contratado, etc.<\/p><h3 data-start=\"2533\" data-end=\"2598\"><strong data-start=\"2537\" data-end=\"2596\">d) Env\u00edo de comunicaciones informativas o promocionales<\/strong><\/h3><p data-start=\"2599\" data-end=\"2677\">Solo con tu consentimiento previo o si existe una relaci\u00f3n contractual previa.<\/p><h3 data-start=\"2679\" data-end=\"2730\"><strong data-start=\"2683\" data-end=\"2728\">e) Mejora de la experiencia de navegaci\u00f3n<\/strong><\/h3><p data-start=\"2731\" data-end=\"2793\">Analizar datos de uso para optimizar el rendimiento de la web.<\/p><h3 data-start=\"2795\" data-end=\"2844\"><strong data-start=\"2799\" data-end=\"2842\">f) Cumplimiento de obligaciones legales<\/strong><\/h3><p data-start=\"2845\" data-end=\"2955\">Cumplir con normativas fiscales, contables, legales, regulatorias o requerimientos de autoridades competentes.<\/p><h2 data-start=\"2962\" data-end=\"3013\">4. <strong data-start=\"2968\" data-end=\"3013\">LEGITIMACI\u00d3N PARA EL TRATAMIENTO DE DATOS<\/strong><\/h2><p data-start=\"3015\" data-end=\"3065\">La base legal para el tratamiento de tus datos es:<\/p><ul data-start=\"3067\" data-end=\"3488\"><li data-start=\"3067\" data-end=\"3176\"><p data-start=\"3069\" data-end=\"3176\"><strong data-start=\"3069\" data-end=\"3099\">Consentimiento del usuario<\/strong>, al utilizar formularios de contacto, suscripci\u00f3n o aceptaci\u00f3n de cookies.<\/p><\/li><li data-start=\"3177\" data-end=\"3247\"><p data-start=\"3179\" data-end=\"3247\"><strong data-start=\"3179\" data-end=\"3207\">Ejecuci\u00f3n de un contrato<\/strong>, cuando contratas nuestros servicios.<\/p><\/li><li data-start=\"3248\" data-end=\"3376\"><p data-start=\"3250\" data-end=\"3376\"><strong data-start=\"3250\" data-end=\"3270\">Inter\u00e9s leg\u00edtimo<\/strong>, para mejorar la web, garantizar su funcionamiento y realizar comunicaciones sobre servicios similares.<\/p><\/li><li data-start=\"3377\" data-end=\"3488\"><p data-start=\"3379\" data-end=\"3488\"><strong data-start=\"3379\" data-end=\"3419\">Cumplimiento de obligaciones legales<\/strong>, especialmente en materia fiscal, contable y de protecci\u00f3n de datos.<\/p><\/li><\/ul><h2 data-start=\"3495\" data-end=\"3530\">5. <strong data-start=\"3501\" data-end=\"3530\">CONSERVACI\u00d3N DE LOS DATOS<\/strong><\/h2><p data-start=\"3532\" data-end=\"3644\">Tus datos se conservar\u00e1n durante el tiempo necesario para cumplir las finalidades para las que fueron recabados.<\/p><p data-start=\"3646\" data-end=\"3665\">Como regla general:<\/p><ul data-start=\"3667\" data-end=\"3927\"><li data-start=\"3667\" data-end=\"3694\"><p data-start=\"3669\" data-end=\"3694\">Consultas: <strong data-start=\"3680\" data-end=\"3692\">12 meses<\/strong><\/p><\/li><li data-start=\"3695\" data-end=\"3773\"><p data-start=\"3697\" data-end=\"3773\">Datos de clientes: <strong data-start=\"3716\" data-end=\"3731\">5 a 10 a\u00f1os<\/strong> (por obligaciones contables y fiscales)<\/p><\/li><li data-start=\"3774\" data-end=\"3858\"><p data-start=\"3776\" data-end=\"3858\">Comunicaciones comerciales: hasta que solicites baja o retires tu consentimiento<\/p><\/li><li data-start=\"3859\" data-end=\"3927\"><p data-start=\"3861\" data-end=\"3927\">Datos de navegaci\u00f3n: seg\u00fan lo indicado en la Pol\u00edtica de Cookies<\/p><\/li><\/ul><p data-start=\"3929\" data-end=\"4021\">Cuando los datos ya no sean necesarios, ser\u00e1n eliminados con medidas de seguridad adecuadas.<\/p><h2 data-start=\"4028\" data-end=\"4084\">6. <strong data-start=\"4034\" data-end=\"4084\">DESTINATARIOS Y TRANSFERENCIAS INTERNACIONALES<\/strong><\/h2><p data-start=\"4086\" data-end=\"4118\">Podemos compartir tus datos con:<\/p><ul data-start=\"4120\" data-end=\"4445\"><li data-start=\"4120\" data-end=\"4271\"><p data-start=\"4122\" data-end=\"4271\">Empresas y profesionales que colaboran con Finance4Humans para la prestaci\u00f3n del servicio (contables, fiscales, legales, proveedores tecnol\u00f3gicos).<\/p><\/li><li data-start=\"4272\" data-end=\"4333\"><p data-start=\"4274\" data-end=\"4333\">Plataformas de email marketing, CRM o gesti\u00f3n documental.<\/p><\/li><li data-start=\"4334\" data-end=\"4380\"><p data-start=\"4336\" data-end=\"4380\">Entidades financieras para cobros y pagos.<\/p><\/li><li data-start=\"4381\" data-end=\"4445\"><p data-start=\"4383\" data-end=\"4445\">Administraciones p\u00fablicas para cumplir obligaciones legales.<\/p><\/li><\/ul><h3 data-start=\"4447\" data-end=\"4487\"><strong data-start=\"4451\" data-end=\"4485\">Transferencias internacionales<\/strong><\/h3><p data-start=\"4488\" data-end=\"4759\">Si alg\u00fan proveedor (por ejemplo, herramientas de automatizaci\u00f3n o almacenamiento cloud) se encuentra fuera del Espacio Econ\u00f3mico Europeo, garantizamos que cumple con las garant\u00edas adecuadas (Cl\u00e1usulas Contractuales Tipo o decisiones de adecuaci\u00f3n de la Comisi\u00f3n Europea).<\/p><h2 data-start=\"4766\" data-end=\"4796\">7. <strong data-start=\"4772\" data-end=\"4796\">DERECHOS DEL USUARIO<\/strong><\/h2><p data-start=\"4798\" data-end=\"4847\">Puedes ejercer en cualquier momento tus derechos:<\/p><ul data-start=\"4849\" data-end=\"5213\"><li data-start=\"4849\" data-end=\"4901\"><p data-start=\"4851\" data-end=\"4901\"><strong data-start=\"4851\" data-end=\"4862\">Acceso:<\/strong> saber qu\u00e9 datos personales tratamos.<\/p><\/li><li data-start=\"4902\" data-end=\"4950\"><p data-start=\"4904\" data-end=\"4950\"><strong data-start=\"4904\" data-end=\"4922\">Rectificaci\u00f3n:<\/strong> corregir datos inexactos.<\/p><\/li><li data-start=\"4951\" data-end=\"4989\"><p data-start=\"4953\" data-end=\"4989\"><strong data-start=\"4953\" data-end=\"4987\">Supresi\u00f3n (derecho al olvido).<\/strong><\/p><\/li><li data-start=\"4990\" data-end=\"5025\"><p data-start=\"4992\" data-end=\"5025\"><strong data-start=\"4992\" data-end=\"5023\">Limitaci\u00f3n del tratamiento.<\/strong><\/p><\/li><li data-start=\"5026\" data-end=\"5091\"><p data-start=\"5028\" data-end=\"5091\"><strong data-start=\"5028\" data-end=\"5042\">Oposici\u00f3n:<\/strong> especialmente para comunicaciones comerciales.<\/p><\/li><li data-start=\"5092\" data-end=\"5159\"><p data-start=\"5094\" data-end=\"5159\"><strong data-start=\"5094\" data-end=\"5111\">Portabilidad:<\/strong> recibir tus datos en un formato estructurado.<\/p><\/li><li data-start=\"5160\" data-end=\"5213\"><p data-start=\"5162\" data-end=\"5213\"><strong data-start=\"5162\" data-end=\"5191\">Retirar el consentimiento<\/strong> en cualquier momento.<\/p><\/li><\/ul><p data-start=\"5215\" data-end=\"5369\">Para ejercer estos derechos, puedes enviar un correo a:<br data-start=\"5270\" data-end=\"5273\" \/>\ud83d\udce9 <strong data-start=\"5276\" data-end=\"5300\">[Correo electr\u00f3nico]<\/strong><br data-start=\"5300\" data-end=\"5303\" \/>incluyendo tu nombre, DNI (o equivalente) y la solicitud concreta.<\/p><p data-start=\"5371\" data-end=\"5477\">Tambi\u00e9n tienes derecho a presentar una reclamaci\u00f3n ante la Agencia Espa\u00f1ola de Protecci\u00f3n de Datos (AEPD).<\/p><h2 data-start=\"5484\" data-end=\"5521\">8. <strong data-start=\"5490\" data-end=\"5521\">SEGURIDAD DE LA INFORMACI\u00d3N<\/strong><\/h2><p data-start=\"5523\" data-end=\"5582\">Aplicamos medidas t\u00e9cnicas y organizativas para garantizar:<\/p><ul data-start=\"5584\" data-end=\"5684\"><li data-start=\"5584\" data-end=\"5604\"><p data-start=\"5586\" data-end=\"5604\">Confidencialidad<\/p><\/li><li data-start=\"5605\" data-end=\"5619\"><p data-start=\"5607\" data-end=\"5619\">Integridad<\/p><\/li><li data-start=\"5620\" data-end=\"5638\"><p data-start=\"5622\" data-end=\"5638\">Disponibilidad<\/p><\/li><li data-start=\"5639\" data-end=\"5684\"><p data-start=\"5641\" data-end=\"5684\">Protecci\u00f3n frente al acceso no autorizado<\/p><\/li><\/ul><p data-start=\"5686\" data-end=\"5770\">Todos nuestros procesos y herramientas cumplen los est\u00e1ndares del RGPD y la LOPDGDD.<\/p><h2 data-start=\"5777\" data-end=\"5803\">9. <strong data-start=\"5783\" data-end=\"5803\">DATOS DE MENORES<\/strong><\/h2><p data-start=\"5805\" data-end=\"5985\">Nuestros servicios no est\u00e1n dirigidos a menores de 14 a\u00f1os.<br data-start=\"5864\" data-end=\"5867\" \/>Si detectamos que hemos recibido datos de un menor sin autorizaci\u00f3n adecuada, procederemos a eliminarlos de inmediato.<\/p><h2 data-start=\"5992\" data-end=\"6034\">10. <strong data-start=\"5999\" data-end=\"6034\">MODIFICACIONES DE ESTA POL\u00cdTICA<\/strong><\/h2><p data-start=\"6036\" data-end=\"6121\">Podemos actualizar esta Pol\u00edtica de Privacidad cuando sea necesario para adaptarla a:<\/p><ul data-start=\"6123\" data-end=\"6200\"><li data-start=\"6123\" data-end=\"6147\"><p data-start=\"6125\" data-end=\"6147\">Cambios legislativos<\/p><\/li><li data-start=\"6148\" data-end=\"6176\"><p data-start=\"6150\" data-end=\"6176\">Cambios en los servicios<\/p><\/li><li data-start=\"6177\" data-end=\"6200\"><p data-start=\"6179\" data-end=\"6200\">Nuevos tratamientos<\/p><\/li><\/ul><p data-start=\"6202\" data-end=\"6275\">La \u00faltima versi\u00f3n siempre estar\u00e1 disponible en: <strong data-start=\"6250\" data-end=\"6275\">[URL de tu sitio web]<\/strong><\/p><h2 data-start=\"6282\" data-end=\"6301\">11. <strong data-start=\"6289\" data-end=\"6301\">CONTACTO<\/strong><\/h2><p data-start=\"6303\" data-end=\"6404\">Para cualquier duda sobre esta Pol\u00edtica de Privacidad o sobre el tratamiento de tus datos personales:<\/p><p data-start=\"6406\" data-end=\"6506\">\ud83d\udccd Finance4Humans<br data-start=\"6423\" data-end=\"6426\" \/>\ud83d\udcde +34 635 95 36 33<br data-start=\"6445\" data-end=\"6448\" \/>\ud83d\udce7 <strong data-start=\"6451\" data-end=\"6475\">[Correo electr\u00f3nico]<\/strong><br data-start=\"6475\" data-end=\"6478\" \/>\ud83c\udf10 <strong data-start=\"6481\" data-end=\"6506\">[URL de tu sitio web]<\/strong><\/p>\t\t\t\t\t\t\t\t<\/div>\n\t\t\t\t<\/div>\n\t\t\t\t<div class=\"elementor-element elementor-element-ced6f8f sc_height_huge sc_fly_static elementor-widget elementor-widget-spacer\" data-id=\"ced6f8f\" data-element_type=\"widget\" data-e-type=\"widget\" data-widget_type=\"spacer.default\">\n\t\t\t\t<div class=\"elementor-widget-container\">\n\t\t\t\t\t\t\t<div class=\"elementor-spacer\">\n\t\t\t<div class=\"elementor-spacer-inner\"><\/div>\n\t\t<\/div>\n\t\t\t\t\t\t<\/div>\n\t\t\t\t<\/div>\n\t\t\t\t<div class=\"elementor-element elementor-element-5f877d8 sc_layouts_hide_on_mobile sc_fly_static elementor-widget elementor-widget-spacer\" data-id=\"5f877d8\" data-element_type=\"widget\" data-e-type=\"widget\" data-widget_type=\"spacer.default\">\n\t\t\t\t<div class=\"elementor-widget-container\">\n\t\t\t\t\t\t\t<div class=\"elementor-spacer\">\n\t\t\t<div class=\"elementor-spacer-inner\"><\/div>\n\t\t<\/div>\n\t\t\t\t\t\t<\/div>\n\t\t\t\t<\/div>\n\t\t\t\t\t<\/div>\n\t\t<\/div>\n\t\t\t\t\t<\/div>\n\t\t<\/section>\n\t\t\t\t<\/div>\n\t\t","protected":false},"excerpt":{"rendered":"<p>Pol\u00edtica de privacidad 1. IDENTIDAD DEL RESPONSABLE DEL TRATAMIENTO En cumplimiento del Reglamento (UE) 2016\/679 (RGPD) y la Ley Org\u00e1nica 3\/2018 (LOPDGDD), se informa al usuario de que los datos&hellip;<\/p>","protected":false},"author":1,"featured_media":0,"parent":0,"menu_order":0,"comment_status":"closed","ping_status":"closed","template":"","meta":{"footnotes":""},"class_list":["post-63322","page","type-page","status-publish","hentry"],"_hostinger_reach_plugin_has_subscription_block":false,"_hostinger_reach_plugin_is_elementor":false,"_links":{"self":[{"href":"https:\/\/finance4humans.com\/en\/wp-json\/wp\/v2\/pages\/63322","targetHints":{"allow":["GET"]}}],"collection":[{"href":"https:\/\/finance4humans.com\/en\/wp-json\/wp\/v2\/pages"}],"about":[{"href":"https:\/\/finance4humans.com\/en\/wp-json\/wp\/v2\/types\/page"}],"author":[{"embeddable":true,"href":"https:\/\/finance4humans.com\/en\/wp-json\/wp\/v2\/users\/1"}],"replies":[{"embeddable":true,"href":"https:\/\/finance4humans.com\/en\/wp-json\/wp\/v2\/comments?post=63322"}],"version-history":[{"count":10,"href":"https:\/\/finance4humans.com\/en\/wp-json\/wp\/v2\/pages\/63322\/revisions"}],"predecessor-version":[{"id":63378,"href":"https:\/\/finance4humans.com\/en\/wp-json\/wp\/v2\/pages\/63322\/revisions\/63378"}],"wp:attachment":[{"href":"https:\/\/finance4humans.com\/en\/wp-json\/wp\/v2\/media?parent=63322"}],"curies":[{"name":"wp","href":"https:\/\/api.w.org\/{rel}","templated":true}]}}